{"id":1332,"date":"2020-11-10T16:51:22","date_gmt":"2020-11-10T14:51:22","guid":{"rendered":"https:\/\/www.hmid.hr\/links\/"},"modified":"2024-01-01T19:17:10","modified_gmt":"2024-01-01T17:17:10","slug":"links","status":"publish","type":"page","link":"https:\/\/www.hmid.hr\/en\/links\/","title":{"rendered":"Links"},"content":{"rendered":"<p><div id=\"contact\"><div class=\"fusion-fullwidth fullwidth-box fusion-builder-row-1 fusion-parallax-none nonhundred-percent-fullwidth non-hundred-percent-height-scrolling\"  style='background-color: #f4f6f8;background-image: url(\"https:\/\/www.hmid.hr\/wp-content\/uploads\/2015\/10\/light_gradient_bg.jpg\");background-position: center center;background-repeat: no-repeat;padding-top:0px;padding-right:0px;padding-bottom:0px;padding-left:0px;margin-bottom: 0px;border-top-width:0px;border-bottom-width:0px;border-color:#eae9e9;border-top-style:solid;border-bottom-style:solid;-webkit-background-size:cover;-moz-background-size:cover;-o-background-size:cover;background-size:cover;'><div class=\"fusion-builder-row fusion-row \"><div  class=\"fusion-layout-column fusion_builder_column fusion_builder_column_1_5 fusion-builder-column-0 fusion-one-fifth fusion-column-first fusion-no-small-visibility 1_5\"  style='margin-top:15px;margin-bottom:15px;width:16.8%; margin-right: 4%;'><div class=\"fusion-column-wrapper\" style=\"padding: 0px 0px 0px 0px;background-position:left top;background-repeat:no-repeat;-webkit-background-size:cover;-moz-background-size:cover;-o-background-size:cover;background-size:cover;\"   data-bg-url=\"\"><div class=\"fusion-clearfix\"><\/div><\/div><\/div><div  class=\"fusion-layout-column fusion_builder_column fusion_builder_column_3_5 fusion-builder-column-1 fusion-three-fifth 3_5\"  style='margin-top:65px;margin-bottom:15px;width:58.4%; margin-right: 4%;'><div class=\"fusion-column-wrapper\" style=\"padding: 0px 0px 0px 0px;background-position:left top;background-repeat:no-repeat;-webkit-background-size:cover;-moz-background-size:cover;-o-background-size:cover;background-size:cover;\"   data-bg-url=\"\"><div class=\"fusion-text\"><h1 style=\"text-align: center;\">Useful links<\/h1>\n<\/div><div class=\"fusion-clearfix\"><\/div><\/div><\/div><div  class=\"fusion-layout-column fusion_builder_column fusion_builder_column_1_5 fusion-builder-column-2 fusion-one-fifth fusion-column-last fusion-no-small-visibility 1_5\"  style='margin-top:15px;margin-bottom:15px;width:16.8%'><div class=\"fusion-column-wrapper\" style=\"padding: 0px 0px 0px 0px;background-position:left top;background-repeat:no-repeat;-webkit-background-size:cover;-moz-background-size:cover;-o-background-size:cover;background-size:cover;\"   data-bg-url=\"\"><div class=\"fusion-clearfix\"><\/div><\/div><\/div><div  class=\"fusion-layout-column fusion_builder_column fusion_builder_column_1_1 fusion-builder-column-3 fusion-one-full fusion-column-first fusion-column-last 1_1\"  style='margin-top:15px;margin-bottom:15px;'><div class=\"fusion-column-wrapper\" style=\"padding: 0px 0px 0px 0px;background-position:left top;background-repeat:no-repeat;-webkit-background-size:cover;-moz-background-size:cover;-o-background-size:cover;background-size:cover;\"   data-bg-url=\"\"><div class=\"fusion-sep-clear\"><\/div><div class=\"fusion-separator fusion-full-width-sep sep-none\" style=\"margin-left: auto;margin-right: auto;margin-top:;margin-bottom:40px;\"><\/div><div class=\"fusion-clearfix\"><\/div><\/div><\/div><div  class=\"fusion-layout-column fusion_builder_column fusion_builder_column_1_3 fusion-builder-column-4 fusion-one-third fusion-column-first fusion-column-no-min-height 1_3\"  style='margin-top:0px;margin-bottom:0px;width:30.6666%; margin-right: 4%;'><div class=\"fusion-column-wrapper\" style=\"padding: 0px 0px 0px 0px;background-position:left top;background-repeat:no-repeat;-webkit-background-size:cover;-moz-background-size:cover;-o-background-size:cover;background-size:cover;\"   data-bg-url=\"\"><div class=\"fusion-text\"><p><a href=\"http:\/\/www.mirovinsko.hr\">Croatian Pension Insurance Institute<\/a><\/p>\n<p><a href=\"http:\/\/www.hanfa.hr\/\">Croatian Financial Services Supervisory Agency<\/a><\/p>\n<p><a href=\"https:\/\/www.esma.europa.eu\/\">European Security and Markets Authority<\/a><\/p>\n<p><a href=\"http:\/\/www.hnb.hr\/\">Croatian National Bank<\/a><\/p>\n<\/div><div class=\"fusion-clearfix\"><\/div><\/div><\/div><div  class=\"fusion-layout-column fusion_builder_column fusion_builder_column_1_3 fusion-builder-column-5 fusion-one-third fusion-column-no-min-height 1_3\"  style='margin-top:0px;margin-bottom:0px;width:30.6666%; margin-right: 4%;'><div class=\"fusion-column-wrapper\" style=\"padding: 0px 0px 0px 0px;background-position:left top;background-repeat:no-repeat;-webkit-background-size:cover;-moz-background-size:cover;-o-background-size:cover;background-size:cover;\"   data-bg-url=\"\"><div class=\"fusion-text\"><p><a href=\"http:\/\/sudovi.pravosudje.hr\/tszag\/\">Commercial Court of Zagreb<\/a><\/p>\n<p><a href=\"http:\/\/zse.hr\/\">Zagreb Stock Exchange<\/a><\/p>\n<p><a href=\"https:\/\/www.wienerborse.at\/en\/\">Vienna Stock Exchange<\/a><\/p>\n<p><a href=\"http:\/\/www.frankfurtstockexchange.de\/\">Frankfurt Stock Exchange<\/a><\/p>\n<p><a href=\"http:\/\/www.ljse.si\/\">Ljubljana Stock Exchange<\/a><\/p>\n<\/div><div class=\"fusion-clearfix\"><\/div><\/div><\/div><div  class=\"fusion-layout-column fusion_builder_column fusion_builder_column_1_3 fusion-builder-column-6 fusion-one-third fusion-column-last fusion-column-no-min-height 1_3\"  style='margin-top:0px;margin-bottom:0px;width:30.6666%'><div class=\"fusion-column-wrapper\" style=\"padding: 0px 0px 0px 0px;background-position:left top;background-repeat:no-repeat;-webkit-background-size:cover;-moz-background-size:cover;-o-background-size:cover;background-size:cover;\"   data-bg-url=\"\"><div class=\"fusion-text\"><p><a href=\"https:\/\/www.bse.hu\/\">Budapest Stock Exchange<\/a><\/p>\n<p><a href=\"https:\/\/www.gpw.pl\/root_en\">Warsaw Stock Exchange<\/a><\/p>\n<p><a href=\"https:\/\/www.pse.cz\/\">Prague Stock Exchange<\/a><\/p>\n<p><a href=\"http:\/\/www.bvb.ro\/\">Bucharest Stock Exchange\u00a0<\/a><\/p>\n<\/div><div class=\"fusion-clearfix\"><\/div><\/div><\/div><div  class=\"fusion-layout-column fusion_builder_column fusion_builder_column_1_1 fusion-builder-column-7 fusion-one-full fusion-column-first fusion-column-last 1_1\"  style='margin-top:15px;margin-bottom:0px;'><div class=\"fusion-column-wrapper\" style=\"padding: 0px 0px 0px 0px;background-position:left top;background-blend-mode: overlay;background-repeat:no-repeat;-webkit-background-size:cover;-moz-background-size:cover;-o-background-size:cover;background-size:cover;\"   data-bg-url=\"\"><div class=\"fusion-sep-clear\"><\/div><div class=\"fusion-separator fusion-full-width-sep sep-none\" style=\"margin-left: auto;margin-right: auto;margin-top:;margin-bottom:40px;\"><\/div><div class=\"fusion-section-separator section-separator triangle\" style=\"border-bottom:5px solid #dbe2ea;margin-left:-0px;margin-right:-0px;\"><div class=\"divider-candy-arrow bottom\" style=\"top:5px;border-top-color: #ffffff;\"><\/div><div class=\"divider-candy bottom\" style=\"bottom:-25px;border-bottom:1px solid #dbe2ea;border-left:1px solid #dbe2ea;\"><\/div><\/div><div class=\"fusion-clearfix\"><\/div><\/div><\/div><\/div><\/div><\/div><div id=\"contact\"><div class=\"fusion-fullwidth fullwidth-box fusion-builder-row-2 fusion-parallax-none nonhundred-percent-fullwidth non-hundred-percent-height-scrolling\"  style='background-color: #f4f6f8;background-image: url(\"https:\/\/www.hmid.hr\/wp-content\/uploads\/2015\/10\/light_gradient_bg.jpg\");background-position: center center;background-repeat: no-repeat;padding-top:0px;padding-right:0px;padding-bottom:0px;padding-left:0px;border-top-width:0px;border-bottom-width:0px;border-color:#eae9e9;border-top-style:solid;border-bottom-style:solid;-webkit-background-size:cover;-moz-background-size:cover;-o-background-size:cover;background-size:cover;'><div class=\"fusion-builder-row fusion-row \"><div  class=\"fusion-layout-column fusion_builder_column fusion_builder_column_1_5 fusion-builder-column-8 fusion-one-fifth fusion-column-first fusion-no-small-visibility 1_5\"  style='margin-top:15px;margin-bottom:15px;width:16.8%; margin-right: 4%;'><div class=\"fusion-column-wrapper\" style=\"padding: 0px 0px 0px 0px;background-position:left top;background-repeat:no-repeat;-webkit-background-size:cover;-moz-background-size:cover;-o-background-size:cover;background-size:cover;\"   data-bg-url=\"\"><div class=\"fusion-clearfix\"><\/div><\/div><\/div><div  class=\"fusion-layout-column fusion_builder_column fusion_builder_column_3_5 fusion-builder-column-9 fusion-three-fifth 3_5\"  style='margin-top:65px;margin-bottom:15px;width:58.4%; margin-right: 4%;'><div class=\"fusion-column-wrapper\" style=\"padding: 0px 0px 0px 0px;background-position:left top;background-repeat:no-repeat;-webkit-background-size:cover;-moz-background-size:cover;-o-background-size:cover;background-size:cover;\"   data-bg-url=\"\"><div class=\"fusion-text\"><h1 style=\"text-align: center;\">Acts and Ordinances are only available in Croatian<\/h1>\n<\/div><div class=\"fusion-clearfix\"><\/div><\/div><\/div><div  class=\"fusion-layout-column fusion_builder_column fusion_builder_column_1_5 fusion-builder-column-10 fusion-one-fifth fusion-column-last fusion-no-small-visibility 1_5\"  style='margin-top:15px;margin-bottom:15px;width:16.8%'><div class=\"fusion-column-wrapper\" style=\"padding: 0px 0px 0px 0px;background-position:left top;background-repeat:no-repeat;-webkit-background-size:cover;-moz-background-size:cover;-o-background-size:cover;background-size:cover;\"   data-bg-url=\"\"><div class=\"fusion-clearfix\"><\/div><\/div><\/div><div  class=\"fusion-layout-column fusion_builder_column fusion_builder_column_1_1 fusion-builder-column-11 fusion-one-full fusion-column-first fusion-column-last 1_1\"  style='margin-top:15px;margin-bottom:15px;'><div class=\"fusion-column-wrapper\" style=\"padding: 0px 0px 0px 0px;background-position:left top;background-repeat:no-repeat;-webkit-background-size:cover;-moz-background-size:cover;-o-background-size:cover;background-size:cover;\"   data-bg-url=\"\"><div class=\"fusion-sep-clear\"><\/div><div class=\"fusion-separator fusion-full-width-sep sep-none\" style=\"margin-left: auto;margin-right: auto;margin-top:;margin-bottom:40px;\"><\/div><div class=\"fusion-text\"><ul>\n<li><a href=\"https:\/\/www.zakon.hr\/z\/565\/Zakon-o-alternativnim-investicijskim-fondovima\"><em>Zakon o alternativnim investicijskim fondovima<\/em><\/a><em>\u00a0<\/em>(NN 21\/18, 126\/19, 110\/21 i 83\/23)<\/li>\n<li><a href=\"https:\/\/hanfa.hr\/regulativa\/investicijski-fondovi\/alternativni-investicijski-fondovi\/\">Pravilnici Hrvatske agencije za nadzor financijskih usluga koji se odnose na rad dru\u0161tava za upravljanje alternativnim investicijskim fondovima i na rad alternativnih investicijskih fondova<\/a><\/li>\n<li><a href=\"https:\/\/eur-lex.europa.eu\/legal-content\/HR\/TXT\/?uri=CELEX%3A32013R0231\">Delegirana uredba Komisije (EU) br. 231\/2013 (Level II<\/a>)<\/li>\n<li><a href=\"https:\/\/eur-lex.europa.eu\/legal-content\/HR\/TXT\/PDF\/?uri=CELEX:32014R0694&amp;from=EN\">Delegirana uredba Komisije (EU) br. 694\/2014 \u043ed 17. prosinca 2013. o dopuni Direktive 2011\/61\/EU Europskog parlamenta i Vije\u0107a u pogledu regulatornih tehni\u010dkih standarda kojima se odre\u0111uju vrste upravitelja alternativnih investicijskih fondova (Tekst zna\u010dajan za EGP)<\/a><\/li>\n<li><a href=\"https:\/\/www.zakon.hr\/z\/171\/Zakon-o-tr%C5%BEi%C5%A1tu-kapitala\"><em>Zakon o tr\u017ei\u0161tu kapitala<\/em><\/a>\u00a0(NN 65\/18, 17\/20, 83\/21 i 151\/22)<\/li>\n<li><a href=\"https:\/\/hanfa.hr\/regulativa\/trziste-kapitala\/\">Propisi koji se odnose na zlouporabu tr\u017ei\u0161ta kapitala<\/a><\/li>\n<li><a href=\"https:\/\/www.zakon.hr\/z\/117\/Zakon-o-sprje%C4%8Davanju-pranja-novca-i-financiranju-terorizma\"><em>Zakon o sprje\u010davanju pranja novca i financiranja terorizma<\/em><\/a>\u00a0(NN 108\/17, 39\/19 I 151\/22)<\/li>\n<li><a href=\"https:\/\/narodne-novine.nn.hr\/clanci\/sluzbeni\/full\/2018_07_59_1242.html\">Pravilnik o postupku procjene rizika od pranja novca i financiranja terorizma te na\u010dinu provo\u0111enja mjera pojednostavljene i poja\u010dane dubinske analize stranke (NN 59\/18<\/a>,\u00a0<a href=\"https:\/\/narodne-novine.nn.hr\/clanci\/sluzbeni\/full\/2019_11_106_2121.html\">106\/19<\/a>, 144\/21 I 69\/23)<\/li>\n<li><a href=\"https:\/\/www.zakon.hr\/z\/1023\/Zakon-o-provedbi-Op%C4%87e-uredbe-o-za%C5%A1titi-podataka\"><em>Zakon o provedbi Op\u0107e uredbe o za\u0161titi podataka<\/em><\/a>\u00a0(NN 42\/2018)<\/li>\n<li><a href=\"https:\/\/www.zakon.hr\/z\/417\/Zakon-o-reviziji\"><em>Zakon o reviziji<\/em><\/a>\u00a0(NN 127\/17)<\/li>\n<\/ul>\n<\/div><div class=\"fusion-clearfix\"><\/div><\/div><\/div><div  class=\"fusion-layout-column fusion_builder_column fusion_builder_column_1_1 fusion-builder-column-12 fusion-one-full fusion-column-first fusion-column-last 1_1\"  style='margin-top:15px;margin-bottom:15px;'><div class=\"fusion-column-wrapper\" style=\"padding: 0px 0px 0px 0px;background-position:left top;background-blend-mode: overlay;background-repeat:no-repeat;-webkit-background-size:cover;-moz-background-size:cover;-o-background-size:cover;background-size:cover;\"   data-bg-url=\"\"><div class=\"fusion-sep-clear\"><\/div><div class=\"fusion-separator fusion-full-width-sep sep-none\" style=\"margin-left: auto;margin-right: auto;margin-top:;margin-bottom:40px;\"><\/div><div class=\"fusion-clearfix\"><\/div><\/div><\/div><\/div><\/div><\/div><div class=\"fusion-fullwidth fullwidth-box fusion-builder-row-3 nonhundred-percent-fullwidth non-hundred-percent-height-scrolling fusion-equal-height-columns\"  style='background-color: #35baf2;background-position: left top;background-repeat: no-repeat;padding-top:25px;padding-right:0px;padding-bottom:25px;padding-left:0px;border-top-width:0px;border-bottom-width:0px;border-color:#eae9e9;border-top-style:solid;border-bottom-style:solid;'><div class=\"fusion-builder-row fusion-row \"><div  class=\"fusion-layout-column fusion_builder_column fusion_builder_column_2_3 fusion-builder-column-13 fusion-two-third fusion-column-first 2_3\"  style='margin-top:15px;margin-bottom:15px;width:65.3333%; margin-right: 4%;'><div class=\"fusion-column-wrapper\" style=\"padding: 0px 0px 0px 0px;background-position:left top;background-repeat:no-repeat;-webkit-background-size:cover;-moz-background-size:cover;-o-background-size:cover;background-size:cover;\"   data-bg-url=\"\"><div class=\"fusion-text\"><h2><span style=\"color: #ffffff;\">Contact us for more info!<\/span><\/h2>\n<\/div><div class=\"fusion-clearfix\"><\/div><\/div><\/div><div  class=\"fusion-layout-column fusion_builder_column fusion_builder_column_1_3 fusion-builder-column-14 fusion-one-third fusion-column-last 1_3\"  style='margin-top:15px;margin-bottom:15px;width:30.6666%'><div class=\"fusion-column-wrapper\" style=\"padding: 0px 0px 0px 0px;background-position:left top;background-repeat:no-repeat;-webkit-background-size:cover;-moz-background-size:cover;-o-background-size:cover;background-size:cover;\"   data-bg-url=\"\"><div class=\"fusion-column-content-centered\"><div class=\"fusion-column-content\"><div class=\"fusion-button-wrapper fusion-alignleft\"><style type=\"text\/css\">.fusion-button.button-1 .fusion-button-text, .fusion-button.button-1 i {color:#515b69;}.fusion-button.button-1 .fusion-button-icon-divider{border-color:#515b69;}.fusion-button.button-1:hover .fusion-button-text, .fusion-button.button-1:hover i,.fusion-button.button-1:focus .fusion-button-text, .fusion-button.button-1:focus i,.fusion-button.button-1:active .fusion-button-text, .fusion-button.button-1:active{color:#35baf2;}.fusion-button.button-1:hover .fusion-button-icon-divider, .fusion-button.button-1:hover .fusion-button-icon-divider, .fusion-button.button-1:active .fusion-button-icon-divider{border-color:#35baf2;}.fusion-button.button-1:hover, .fusion-button.button-1:focus, .fusion-button.button-1:active{border-color:#35baf2;}.fusion-button.button-1 {border-color:#515b69;border-radius:2px;}.fusion-button.button-1{background: #ffffff;}.fusion-button.button-1:hover,.button-1:focus,.fusion-button.button-1:active{background: #ffffff;}<\/style><a class=\"fusion-button button-flat fusion-button-default-size button-custom button-1 fusion-button-default-span fusion-button-default-type\" target=\"_self\" href=\"https:\/\/www.hmid.hr\/en\/contact\/\"><span class=\"fusion-button-text\">Contact<\/span><\/a><\/div><\/div><\/div><div class=\"fusion-clearfix\"><\/div><\/div><\/div><\/div><\/div><\/p>\n","protected":false},"excerpt":{"rendered":"","protected":false},"author":2,"featured_media":0,"parent":0,"menu_order":0,"comment_status":"closed","ping_status":"closed","template":"100-width.php","meta":{"_monsterinsights_skip_tracking":false,"_monsterinsights_sitenote_active":false,"_monsterinsights_sitenote_note":"","_monsterinsights_sitenote_category":0},"yoast_head":"<!-- This site is optimized with the Yoast SEO plugin v18.3 - https:\/\/yoast.com\/wordpress\/plugins\/seo\/ -->\n<title>Links - HMID - Hrvatsko mirovinsko investicijsko dru&scaron;tvo<\/title>\n<meta name=\"description\" content=\"Useful links to relevant institutions and organizations.\" \/>\n<meta name=\"robots\" content=\"index, follow, max-snippet:-1, max-image-preview:large, max-video-preview:-1\" \/>\n<link rel=\"canonical\" href=\"https:\/\/www.hmid.hr\/en\/links\/\" \/>\n<meta property=\"og:locale\" content=\"en_US\" \/>\n<meta property=\"og:type\" content=\"article\" \/>\n<meta property=\"og:title\" content=\"Links - HMID - Hrvatsko mirovinsko investicijsko dru&scaron;tvo\" \/>\n<meta property=\"og:description\" content=\"Useful links to relevant institutions and organizations.\" \/>\n<meta property=\"og:url\" content=\"https:\/\/www.hmid.hr\/en\/links\/\" \/>\n<meta property=\"og:site_name\" content=\"HMID - Hrvatsko mirovinsko investicijsko dru&scaron;tvo\" \/>\n<meta property=\"article:modified_time\" content=\"2024-01-01T17:17:10+00:00\" \/>\n<meta name=\"twitter:card\" content=\"summary\" \/>\n<meta name=\"twitter:label1\" content=\"Est. reading time\" \/>\n\t<meta name=\"twitter:data1\" content=\"9 minutes\" \/>\n<script type=\"application\/ld+json\" class=\"yoast-schema-graph\">{\"@context\":\"https:\/\/schema.org\",\"@graph\":[{\"@type\":\"WebSite\",\"@id\":\"https:\/\/www.hmid.hr\/en\/#website\",\"url\":\"https:\/\/www.hmid.hr\/en\/\",\"name\":\"HMID - Hrvatsko mirovinsko investicijsko dru&scaron;tvo\",\"description\":\"HMID - Hrvatsko mirovinsko investicijsko dru&scaron;tvo\",\"potentialAction\":[{\"@type\":\"SearchAction\",\"target\":{\"@type\":\"EntryPoint\",\"urlTemplate\":\"https:\/\/www.hmid.hr\/en\/?s={search_term_string}\"},\"query-input\":\"required name=search_term_string\"}],\"inLanguage\":\"en-US\"},{\"@type\":\"WebPage\",\"@id\":\"https:\/\/www.hmid.hr\/en\/links\/#webpage\",\"url\":\"https:\/\/www.hmid.hr\/en\/links\/\",\"name\":\"Links - HMID - Hrvatsko mirovinsko investicijsko dru&scaron;tvo\",\"isPartOf\":{\"@id\":\"https:\/\/www.hmid.hr\/en\/#website\"},\"datePublished\":\"2020-11-10T14:51:22+00:00\",\"dateModified\":\"2024-01-01T17:17:10+00:00\",\"description\":\"Useful links to relevant institutions and organizations.\",\"breadcrumb\":{\"@id\":\"https:\/\/www.hmid.hr\/en\/links\/#breadcrumb\"},\"inLanguage\":\"en-US\",\"potentialAction\":[{\"@type\":\"ReadAction\",\"target\":[\"https:\/\/www.hmid.hr\/en\/links\/\"]}]},{\"@type\":\"BreadcrumbList\",\"@id\":\"https:\/\/www.hmid.hr\/en\/links\/#breadcrumb\",\"itemListElement\":[{\"@type\":\"ListItem\",\"position\":1,\"name\":\"Po\u010detna stranica\",\"item\":\"https:\/\/www.hmid.hr\/en\/\"},{\"@type\":\"ListItem\",\"position\":2,\"name\":\"Links\"}]}]}<\/script>\n<!-- \/ Yoast SEO plugin. -->","yoast_head_json":{"title":"Links - HMID - Hrvatsko mirovinsko investicijsko dru&scaron;tvo","description":"Useful links to relevant institutions and organizations.","robots":{"index":"index","follow":"follow","max-snippet":"max-snippet:-1","max-image-preview":"max-image-preview:large","max-video-preview":"max-video-preview:-1"},"canonical":"https:\/\/www.hmid.hr\/en\/links\/","og_locale":"en_US","og_type":"article","og_title":"Links - HMID - Hrvatsko mirovinsko investicijsko dru&scaron;tvo","og_description":"Useful links to relevant institutions and organizations.","og_url":"https:\/\/www.hmid.hr\/en\/links\/","og_site_name":"HMID - Hrvatsko mirovinsko investicijsko dru&scaron;tvo","article_modified_time":"2024-01-01T17:17:10+00:00","twitter_card":"summary","twitter_misc":{"Est. reading time":"9 minutes"},"schema":{"@context":"https:\/\/schema.org","@graph":[{"@type":"WebSite","@id":"https:\/\/www.hmid.hr\/en\/#website","url":"https:\/\/www.hmid.hr\/en\/","name":"HMID - Hrvatsko mirovinsko investicijsko dru&scaron;tvo","description":"HMID - Hrvatsko mirovinsko investicijsko dru&scaron;tvo","potentialAction":[{"@type":"SearchAction","target":{"@type":"EntryPoint","urlTemplate":"https:\/\/www.hmid.hr\/en\/?s={search_term_string}"},"query-input":"required name=search_term_string"}],"inLanguage":"en-US"},{"@type":"WebPage","@id":"https:\/\/www.hmid.hr\/en\/links\/#webpage","url":"https:\/\/www.hmid.hr\/en\/links\/","name":"Links - HMID - Hrvatsko mirovinsko investicijsko dru&scaron;tvo","isPartOf":{"@id":"https:\/\/www.hmid.hr\/en\/#website"},"datePublished":"2020-11-10T14:51:22+00:00","dateModified":"2024-01-01T17:17:10+00:00","description":"Useful links to relevant institutions and organizations.","breadcrumb":{"@id":"https:\/\/www.hmid.hr\/en\/links\/#breadcrumb"},"inLanguage":"en-US","potentialAction":[{"@type":"ReadAction","target":["https:\/\/www.hmid.hr\/en\/links\/"]}]},{"@type":"BreadcrumbList","@id":"https:\/\/www.hmid.hr\/en\/links\/#breadcrumb","itemListElement":[{"@type":"ListItem","position":1,"name":"Po\u010detna stranica","item":"https:\/\/www.hmid.hr\/en\/"},{"@type":"ListItem","position":2,"name":"Links"}]}]}},"_links":{"self":[{"href":"https:\/\/www.hmid.hr\/en\/wp-json\/wp\/v2\/pages\/1332"}],"collection":[{"href":"https:\/\/www.hmid.hr\/en\/wp-json\/wp\/v2\/pages"}],"about":[{"href":"https:\/\/www.hmid.hr\/en\/wp-json\/wp\/v2\/types\/page"}],"author":[{"embeddable":true,"href":"https:\/\/www.hmid.hr\/en\/wp-json\/wp\/v2\/users\/2"}],"replies":[{"embeddable":true,"href":"https:\/\/www.hmid.hr\/en\/wp-json\/wp\/v2\/comments?post=1332"}],"version-history":[{"count":12,"href":"https:\/\/www.hmid.hr\/en\/wp-json\/wp\/v2\/pages\/1332\/revisions"}],"predecessor-version":[{"id":1811,"href":"https:\/\/www.hmid.hr\/en\/wp-json\/wp\/v2\/pages\/1332\/revisions\/1811"}],"wp:attachment":[{"href":"https:\/\/www.hmid.hr\/en\/wp-json\/wp\/v2\/media?parent=1332"}],"curies":[{"name":"wp","href":"https:\/\/api.w.org\/{rel}","templated":true}]}}